{"id":4231,"date":"2023-04-18T14:15:03","date_gmt":"2023-04-18T12:15:03","guid":{"rendered":"https:\/\/aagaardnielsen.dk\/cnc-turning\/"},"modified":"2024-03-12T14:46:28","modified_gmt":"2024-03-12T13:46:28","slug":"cnc-turning","status":"publish","type":"page","link":"https:\/\/aagaardnielsen.dk\/en\/cnc-turning\/","title":{"rendered":"CNC turning"},"content":{"rendered":"<section class=\"wpb-content-wrapper\"><p>[vc_row full_width=&#8221;stretch_row&#8221;][vc_column]<div class=\"ult-spacer spacer-69e74351421b6\" data-id=\"69e74351421b6\" data-height=\"90\" data-height-mobile=\"60\" data-height-tab=\"90\" data-height-tab-portrait=\"60\" data-height-mobile-landscape=\"60\" style=\"clear:both;display:block;\"><\/div>[vc_row_inner][vc_column_inner offset=&#8221;vc_col-lg-8 vc_col-md-8 vc_col-xs-12&#8243;][vc_column_text]<\/p>\n<h2>We offer a wide range of CNC turning services to our customers<\/h2>\n<p>And has a high-tech machine park consisting of 29 CNC machines, where the latest technology is used to produce components with high precision and quality.<\/p>\n<p>Our machinery includes CNC lathes and CNC bar machines, CNC lathes and CNC vertical machines.<\/p>\n<p>Several of our <strong>CNC machines are equipped with both Y and B axis<\/strong>.<\/p>\n<p>We can offer <strong>turning jobs from \u00d85 &#8211; \u00d865 mm and cartridge work up to \u00d8250 mm x 600<\/strong>.<\/p>\n<p>In addition, we offer turning\/milling tasks on our <strong>vertical machines up to \u00d8210<\/strong>.<\/p>\n<p>Our expertise in CNC turning and our dedicated team of highly trained employees ensure that we always deliver high-quality solutions that meet our customers&#8217; specific needs and requirements.<\/p>\n<p>We produce a wide variety of part types and are happy to solve complex tasks for our customers.<\/p>\n<p>At the same time, we have the ability to work in all kinds of materials and use a wide range of different material types, such as automotive steel, all types of stainless steel, aluminum, brass and plastic.[\/vc_column_text]<div class=\"ult-spacer spacer-69e7435142204\" data-id=\"69e7435142204\" data-height=\"0\" data-height-mobile=\"30\" data-height-tab=\"0\" data-height-tab-portrait=\"30\" data-height-mobile-landscape=\"30\" style=\"clear:both;display:block;\"><\/div>[\/vc_column_inner][vc_column_inner offset=&#8221;vc_col-lg-4 vc_col-md-4 vc_col-xs-12&#8243;][vc_widget_sidebar sidebar_id=&#8221;sidebar-1&#8243; el_class=&#8221;contact-sidebar&#8221;][\/vc_column_inner][\/vc_row_inner]<div class=\"ult-spacer spacer-69e7435142228\" data-id=\"69e7435142228\" data-height=\"90\" data-height-mobile=\"60\" data-height-tab=\"90\" data-height-tab-portrait=\"60\" data-height-mobile-landscape=\"60\" style=\"clear:both;display:block;\"><\/div>[\/vc_column][\/vc_row][vc_row full_width=&#8221;stretch_row&#8221; css=&#8221;.vc_custom_1594715471973{background-color: #f7f7f7 !important;}&#8221;][vc_column]<div class=\"ult-spacer spacer-69e7435142245\" data-id=\"69e7435142245\" data-height=\"90\" data-height-mobile=\"60\" data-height-tab=\"90\" data-height-tab-portrait=\"60\" data-height-mobile-landscape=\"60\" style=\"clear:both;display:block;\"><\/div>[vc_row_inner][vc_column_inner width=&#8221;1\/2&#8243;][vc_column_text]<\/p>\n<h2>Want to hear more?<\/h2>\n<p>AAGAARD NIELSENS MASKINFABRIK A\/S is your reliable partner in <strong>CNC turning<\/strong>. Our expertise in <strong>CNC turning<\/strong>, our team of dedicated and well-trained employees and our modern machinery ensure that we always deliver high-quality solutions at competitive prices.<\/p>\n<p>Contact us today for more information about our options and let us help you achieve your goals.<br \/>\nYou can contact us on<a href=\"tel:65352300\"> (+45) 65 35 23 00<\/a> or send an email to <a href=\"mailto:mail@aagaardnielsen.dk\">mail@aagaardnielsen.dk<\/a> and we will get back to you as soon as possible.[\/vc_column_text][\/vc_column_inner][vc_column_inner width=&#8221;1\/2&#8243;][\/vc_column_inner][\/vc_row_inner][vc_empty_space height=&#8221;30px&#8221;][vc_media_grid style=&#8221;pagination&#8221; items_per_page=&#8221;4&#8243; element_width=&#8221;3&#8243; gap=&#8221;20&#8243; arrows_design=&#8221;vc_arrow-icon-arrow_01_left&#8221; arrows_position=&#8221;outside&#8221; arrows_color=&#8221;black&#8221; paging_design=&#8221;none&#8221; loop=&#8221;yes&#8221; grid_id=&#8221;vc_gid:1707729645063-26492dc7-78de-2&#8243; include=&#8221;4066,4067,4068,4069,4070,4071,4072&#8243;]<div class=\"ult-spacer spacer-69e7435142272\" data-id=\"69e7435142272\" data-height=\"90\" data-height-mobile=\"60\" data-height-tab=\"90\" data-height-tab-portrait=\"60\" data-height-mobile-landscape=\"60\" style=\"clear:both;display:block;\"><\/div>[\/vc_column][\/vc_row]<\/p>\n<\/section>","protected":false},"excerpt":{"rendered":"<p>[vc_row full_width=&#8221;stretch_row&#8221;][vc_column][vc_row_inner][vc_column_inner offset=&#8221;vc_col-lg-8 vc_col-md-8 vc_col-xs-12&#8243;][vc_column_text] We offer a wide range of CNC turning services to our customers And has a high-tech machine park consisting of 29 CNC machines, where the latest technology is used to produce components with high precision and quality. Our machinery includes CNC lathes and CNC bar machines, CNC lathes and CNC &#8230; <a title=\"CNC turning\" class=\"read-more\" href=\"https:\/\/aagaardnielsen.dk\/en\/cnc-turning\/\" aria-label=\"Read more about CNC turning\">Read more<\/a><\/p>\n","protected":false},"author":1,"featured_media":4161,"parent":0,"menu_order":0,"comment_status":"closed","ping_status":"closed","template":"","meta":{"_acf_changed":false,"footnotes":""},"categories":[],"class_list":["post-4231","page","type-page","status-publish","has-post-thumbnail"],"acf":[],"yoast_head":"<!-- This site is optimized with the Yoast SEO plugin v27.4 - https:\/\/yoast.com\/product\/yoast-seo-wordpress\/ -->\n<title>CNC turning &#183; AAGAARD NIELSENS MASKINFABRIK A\/S<\/title>\n<meta name=\"robots\" content=\"index, follow, max-snippet:-1, max-image-preview:large, max-video-preview:-1\" \/>\n<link rel=\"canonical\" href=\"https:\/\/aagaardnielsen.dk\/en\/cnc-turning\/\" \/>\n<meta property=\"og:locale\" content=\"en_US\" \/>\n<meta property=\"og:type\" content=\"article\" \/>\n<meta property=\"og:title\" content=\"CNC turning &#183; AAGAARD NIELSENS MASKINFABRIK A\/S\" \/>\n<meta property=\"og:description\" content=\"[vc_row full_width=&#8221;stretch_row&#8221;][vc_column][vc_row_inner][vc_column_inner offset=&#8221;vc_col-lg-8 vc_col-md-8 vc_col-xs-12&#8243;][vc_column_text] We offer a wide range of CNC turning services to our customers And has a high-tech machine park consisting of 29 CNC machines, where the latest technology is used to produce components with high precision and quality. Our machinery includes CNC lathes and CNC bar machines, CNC lathes and CNC ... Read more\" \/>\n<meta property=\"og:url\" content=\"https:\/\/aagaardnielsen.dk\/en\/cnc-turning\/\" \/>\n<meta property=\"og:site_name\" content=\"AAGAARD NIELSENS MASKINFABRIK A\/S\" \/>\n<meta property=\"article:modified_time\" content=\"2024-03-12T13:46:28+00:00\" \/>\n<meta property=\"og:image\" content=\"https:\/\/aagaardnielsen.dk\/wp-content\/uploads\/2023\/09\/dsc0976-scaled.jpg\" \/>\n\t<meta property=\"og:image:width\" content=\"2048\" \/>\n\t<meta property=\"og:image:height\" content=\"1363\" \/>\n\t<meta property=\"og:image:type\" content=\"image\/jpeg\" \/>\n<meta name=\"twitter:card\" content=\"summary_large_image\" \/>\n<meta name=\"twitter:label1\" content=\"Est. reading time\" \/>\n\t<meta name=\"twitter:data1\" content=\"2 minutes\" \/>\n<script type=\"application\/ld+json\" class=\"yoast-schema-graph\">{\"@context\":\"https:\\\/\\\/schema.org\",\"@graph\":[{\"@type\":\"WebPage\",\"@id\":\"https:\\\/\\\/aagaardnielsen.dk\\\/en\\\/cnc-turning\\\/\",\"url\":\"https:\\\/\\\/aagaardnielsen.dk\\\/en\\\/cnc-turning\\\/\",\"name\":\"CNC turning &#183; AAGAARD NIELSENS MASKINFABRIK A\\\/S\",\"isPartOf\":{\"@id\":\"https:\\\/\\\/aagaardnielsen.dk\\\/#website\"},\"primaryImageOfPage\":{\"@id\":\"https:\\\/\\\/aagaardnielsen.dk\\\/en\\\/cnc-turning\\\/#primaryimage\"},\"image\":{\"@id\":\"https:\\\/\\\/aagaardnielsen.dk\\\/en\\\/cnc-turning\\\/#primaryimage\"},\"thumbnailUrl\":\"https:\\\/\\\/aagaardnielsen.dk\\\/wp-content\\\/uploads\\\/2023\\\/09\\\/dsc0976-scaled.jpg\",\"datePublished\":\"2023-04-18T12:15:03+00:00\",\"dateModified\":\"2024-03-12T13:46:28+00:00\",\"breadcrumb\":{\"@id\":\"https:\\\/\\\/aagaardnielsen.dk\\\/en\\\/cnc-turning\\\/#breadcrumb\"},\"inLanguage\":\"en-US\",\"potentialAction\":[{\"@type\":\"ReadAction\",\"target\":[\"https:\\\/\\\/aagaardnielsen.dk\\\/en\\\/cnc-turning\\\/\"]}]},{\"@type\":\"ImageObject\",\"inLanguage\":\"en-US\",\"@id\":\"https:\\\/\\\/aagaardnielsen.dk\\\/en\\\/cnc-turning\\\/#primaryimage\",\"url\":\"https:\\\/\\\/aagaardnielsen.dk\\\/wp-content\\\/uploads\\\/2023\\\/09\\\/dsc0976-scaled.jpg\",\"contentUrl\":\"https:\\\/\\\/aagaardnielsen.dk\\\/wp-content\\\/uploads\\\/2023\\\/09\\\/dsc0976-scaled.jpg\",\"width\":2048,\"height\":1363},{\"@type\":\"BreadcrumbList\",\"@id\":\"https:\\\/\\\/aagaardnielsen.dk\\\/en\\\/cnc-turning\\\/#breadcrumb\",\"itemListElement\":[{\"@type\":\"ListItem\",\"position\":1,\"name\":\"Hjem\",\"item\":\"https:\\\/\\\/aagaardnielsen.dk\\\/en\\\/\"},{\"@type\":\"ListItem\",\"position\":2,\"name\":\"CNC turning\"}]},{\"@type\":\"WebSite\",\"@id\":\"https:\\\/\\\/aagaardnielsen.dk\\\/#website\",\"url\":\"https:\\\/\\\/aagaardnielsen.dk\\\/\",\"name\":\"AAGAARD NIELSENS MASKINFABRIK A\\\/S\",\"description\":\"Cnc drejning, fr\u00e6sning, bearbejdning og sp\u00e5ntagning\",\"publisher\":{\"@id\":\"https:\\\/\\\/aagaardnielsen.dk\\\/#organization\"},\"potentialAction\":[{\"@type\":\"SearchAction\",\"target\":{\"@type\":\"EntryPoint\",\"urlTemplate\":\"https:\\\/\\\/aagaardnielsen.dk\\\/?s={search_term_string}\"},\"query-input\":{\"@type\":\"PropertyValueSpecification\",\"valueRequired\":true,\"valueName\":\"search_term_string\"}}],\"inLanguage\":\"en-US\"},{\"@type\":\"Organization\",\"@id\":\"https:\\\/\\\/aagaardnielsen.dk\\\/#organization\",\"name\":\"AAGAARD NIELSENS MASKINFABRIK A\\\/S\",\"url\":\"https:\\\/\\\/aagaardnielsen.dk\\\/\",\"logo\":{\"@type\":\"ImageObject\",\"inLanguage\":\"en-US\",\"@id\":\"https:\\\/\\\/aagaardnielsen.dk\\\/#\\\/schema\\\/logo\\\/image\\\/\",\"url\":\"https:\\\/\\\/aagaardnielsen.dk\\\/wp-content\\\/uploads\\\/2023\\\/04\\\/logo-jpeg-billede-aagaard-maskinfabrik.png\",\"contentUrl\":\"https:\\\/\\\/aagaardnielsen.dk\\\/wp-content\\\/uploads\\\/2023\\\/04\\\/logo-jpeg-billede-aagaard-maskinfabrik.png\",\"width\":2048,\"height\":604,\"caption\":\"AAGAARD NIELSENS MASKINFABRIK A\\\/S\"},\"image\":{\"@id\":\"https:\\\/\\\/aagaardnielsen.dk\\\/#\\\/schema\\\/logo\\\/image\\\/\"}}]}<\/script>\n<!-- \/ Yoast SEO plugin. -->","yoast_head_json":{"title":"CNC turning &#183; AAGAARD NIELSENS MASKINFABRIK A\/S","robots":{"index":"index","follow":"follow","max-snippet":"max-snippet:-1","max-image-preview":"max-image-preview:large","max-video-preview":"max-video-preview:-1"},"canonical":"https:\/\/aagaardnielsen.dk\/en\/cnc-turning\/","og_locale":"en_US","og_type":"article","og_title":"CNC turning &#183; AAGAARD NIELSENS MASKINFABRIK A\/S","og_description":"[vc_row full_width=&#8221;stretch_row&#8221;][vc_column][vc_row_inner][vc_column_inner offset=&#8221;vc_col-lg-8 vc_col-md-8 vc_col-xs-12&#8243;][vc_column_text] We offer a wide range of CNC turning services to our customers And has a high-tech machine park consisting of 29 CNC machines, where the latest technology is used to produce components with high precision and quality. Our machinery includes CNC lathes and CNC bar machines, CNC lathes and CNC ... Read more","og_url":"https:\/\/aagaardnielsen.dk\/en\/cnc-turning\/","og_site_name":"AAGAARD NIELSENS MASKINFABRIK A\/S","article_modified_time":"2024-03-12T13:46:28+00:00","og_image":[{"width":2048,"height":1363,"url":"https:\/\/aagaardnielsen.dk\/wp-content\/uploads\/2023\/09\/dsc0976-scaled.jpg","type":"image\/jpeg"}],"twitter_card":"summary_large_image","twitter_misc":{"Est. reading time":"2 minutes"},"schema":{"@context":"https:\/\/schema.org","@graph":[{"@type":"WebPage","@id":"https:\/\/aagaardnielsen.dk\/en\/cnc-turning\/","url":"https:\/\/aagaardnielsen.dk\/en\/cnc-turning\/","name":"CNC turning &#183; AAGAARD NIELSENS MASKINFABRIK A\/S","isPartOf":{"@id":"https:\/\/aagaardnielsen.dk\/#website"},"primaryImageOfPage":{"@id":"https:\/\/aagaardnielsen.dk\/en\/cnc-turning\/#primaryimage"},"image":{"@id":"https:\/\/aagaardnielsen.dk\/en\/cnc-turning\/#primaryimage"},"thumbnailUrl":"https:\/\/aagaardnielsen.dk\/wp-content\/uploads\/2023\/09\/dsc0976-scaled.jpg","datePublished":"2023-04-18T12:15:03+00:00","dateModified":"2024-03-12T13:46:28+00:00","breadcrumb":{"@id":"https:\/\/aagaardnielsen.dk\/en\/cnc-turning\/#breadcrumb"},"inLanguage":"en-US","potentialAction":[{"@type":"ReadAction","target":["https:\/\/aagaardnielsen.dk\/en\/cnc-turning\/"]}]},{"@type":"ImageObject","inLanguage":"en-US","@id":"https:\/\/aagaardnielsen.dk\/en\/cnc-turning\/#primaryimage","url":"https:\/\/aagaardnielsen.dk\/wp-content\/uploads\/2023\/09\/dsc0976-scaled.jpg","contentUrl":"https:\/\/aagaardnielsen.dk\/wp-content\/uploads\/2023\/09\/dsc0976-scaled.jpg","width":2048,"height":1363},{"@type":"BreadcrumbList","@id":"https:\/\/aagaardnielsen.dk\/en\/cnc-turning\/#breadcrumb","itemListElement":[{"@type":"ListItem","position":1,"name":"Hjem","item":"https:\/\/aagaardnielsen.dk\/en\/"},{"@type":"ListItem","position":2,"name":"CNC turning"}]},{"@type":"WebSite","@id":"https:\/\/aagaardnielsen.dk\/#website","url":"https:\/\/aagaardnielsen.dk\/","name":"AAGAARD NIELSENS MASKINFABRIK A\/S","description":"Cnc drejning, fr\u00e6sning, bearbejdning og sp\u00e5ntagning","publisher":{"@id":"https:\/\/aagaardnielsen.dk\/#organization"},"potentialAction":[{"@type":"SearchAction","target":{"@type":"EntryPoint","urlTemplate":"https:\/\/aagaardnielsen.dk\/?s={search_term_string}"},"query-input":{"@type":"PropertyValueSpecification","valueRequired":true,"valueName":"search_term_string"}}],"inLanguage":"en-US"},{"@type":"Organization","@id":"https:\/\/aagaardnielsen.dk\/#organization","name":"AAGAARD NIELSENS MASKINFABRIK A\/S","url":"https:\/\/aagaardnielsen.dk\/","logo":{"@type":"ImageObject","inLanguage":"en-US","@id":"https:\/\/aagaardnielsen.dk\/#\/schema\/logo\/image\/","url":"https:\/\/aagaardnielsen.dk\/wp-content\/uploads\/2023\/04\/logo-jpeg-billede-aagaard-maskinfabrik.png","contentUrl":"https:\/\/aagaardnielsen.dk\/wp-content\/uploads\/2023\/04\/logo-jpeg-billede-aagaard-maskinfabrik.png","width":2048,"height":604,"caption":"AAGAARD NIELSENS MASKINFABRIK A\/S"},"image":{"@id":"https:\/\/aagaardnielsen.dk\/#\/schema\/logo\/image\/"}}]}},"_links":{"self":[{"href":"https:\/\/aagaardnielsen.dk\/en\/wp-json\/wp\/v2\/pages\/4231","targetHints":{"allow":["GET"]}}],"collection":[{"href":"https:\/\/aagaardnielsen.dk\/en\/wp-json\/wp\/v2\/pages"}],"about":[{"href":"https:\/\/aagaardnielsen.dk\/en\/wp-json\/wp\/v2\/types\/page"}],"author":[{"embeddable":true,"href":"https:\/\/aagaardnielsen.dk\/en\/wp-json\/wp\/v2\/users\/1"}],"replies":[{"embeddable":true,"href":"https:\/\/aagaardnielsen.dk\/en\/wp-json\/wp\/v2\/comments?post=4231"}],"version-history":[{"count":4,"href":"https:\/\/aagaardnielsen.dk\/en\/wp-json\/wp\/v2\/pages\/4231\/revisions"}],"predecessor-version":[{"id":4265,"href":"https:\/\/aagaardnielsen.dk\/en\/wp-json\/wp\/v2\/pages\/4231\/revisions\/4265"}],"wp:featuredmedia":[{"embeddable":true,"href":"https:\/\/aagaardnielsen.dk\/en\/wp-json\/wp\/v2\/media\/4161"}],"wp:attachment":[{"href":"https:\/\/aagaardnielsen.dk\/en\/wp-json\/wp\/v2\/media?parent=4231"}],"wp:term":[{"taxonomy":"category","embeddable":true,"href":"https:\/\/aagaardnielsen.dk\/en\/wp-json\/wp\/v2\/categories?post=4231"}],"curies":[{"name":"wp","href":"https:\/\/api.w.org\/{rel}","templated":true}]}}